{"id":226041,"date":"2021-10-11T09:40:24","date_gmt":"2021-10-11T09:40:24","guid":{"rendered":"https:\/\/manage.exporplas\/industria\/mallas-de-pale\/"},"modified":"2023-01-13T12:10:05","modified_gmt":"2023-01-13T12:10:05","slug":"mallas-de-pale","status":"publish","type":"page","link":"https:\/\/exporplas.pt\/es\/areas-de-negocio\/industria\/mallas-de-pale\/","title":{"rendered":"MALLAS DE PAL\u00c9"},"content":{"rendered":"<p>[et_pb_section fb_built=\u00bb1&#8243; _builder_version=\u00bb4.16&#8243; _module_preset=\u00bb5f1d06ef-1c72-433a-84a9-f771e2c020d4&#8243; locked=\u00bboff\u00bb global_colors_info=\u00bb{}\u00bb][et_pb_row _builder_version=\u00bb4.16&#8243; _module_preset=\u00bbdefault\u00bb max_width=\u00bb1230px\u00bb custom_margin=\u00bb||||false|false\u00bb custom_padding=\u00bb0px||0px||false|false\u00bb global_colors_info=\u00bb{}\u00bb][et_pb_column type=\u00bb4_4&#8243; _builder_version=\u00bb4.16&#8243; _module_preset=\u00bbdefault\u00bb global_colors_info=\u00bb{}\u00bb][dsm_breadcrumbs _builder_version=\u00bb4.16&#8243; _module_preset=\u00bb7726ac8d-7222-46bd-8a73-3088c2807996&#8243; global_colors_info=\u00bb{}\u00bb][\/dsm_breadcrumbs][\/et_pb_column][\/et_pb_row][\/et_pb_section][et_pb_section fb_built=\u00bb1&#8243; _builder_version=\u00bb4.16&#8243; _module_preset=\u00bbdefault\u00bb z_index=\u00bb3&#8243; custom_padding=\u00bb0px||0px||true|false\u00bb global_colors_info=\u00bb{}\u00bb][et_pb_row _builder_version=\u00bb4.16&#8243; _module_preset=\u00bbdefault\u00bb global_colors_info=\u00bb{}\u00bb disabled_on=\u00bbon|off|off\u00bb][et_pb_column type=\u00bb4_4&#8243; _builder_version=\u00bb4.16&#8243; _module_preset=\u00bbdefault\u00bb global_colors_info=\u00bb{}\u00bb][et_pb_text _builder_version=\u00bb4.18.1&#8243; _module_preset=\u00bbdefault\u00bb text_font=\u00bbMontserrat|600|||||||\u00bb text_text_color=\u00bb#0047BA\u00bb text_font_size=\u00bb19px\u00bb text_orientation=\u00bbcenter\u00bb hover_enabled=\u00bb0&#8243; global_colors_info=\u00bb{}\u00bb sticky_enabled=\u00bb0&#8243;]<\/p>\n<p>INDUSTRIA | <span class=\"TextRun SCXW152022358 BCX4\" lang=\"ES-ES\" xml:lang=\"ES-ES\" data-contrast=\"none\"><span class=\"NormalTextRun SCXW152022358 BCX4\" data-ccp-parastyle=\"heading 3\">MALLAS DE PAL\u00c9<\/span><\/span><\/p>\n<p>[\/et_pb_text][et_pb_divider color=\u00bb#cccccc\u00bb divider_weight=\u00bb1px\u00bb _builder_version=\u00bb4.16&#8243; _module_preset=\u00bbdefault\u00bb z_index=\u00bb1&#8243; width=\u00bb250px\u00bb module_alignment=\u00bbcenter\u00bb locked=\u00bboff\u00bb global_colors_info=\u00bb{}\u00bb][\/et_pb_divider][et_pb_divider color=\u00bb#0047BA\u00bb divider_weight=\u00bb4px\u00bb _builder_version=\u00bb4.16&#8243; _module_preset=\u00bbdefault\u00bb z_index=\u00bb1&#8243; width=\u00bb95px\u00bb module_alignment=\u00bbcenter\u00bb custom_margin=\u00bb-54px||||false|false\u00bb custom_padding=\u00bb0px||||false|false\u00bb locked=\u00bboff\u00bb global_colors_info=\u00bb{}\u00bb][\/et_pb_divider][\/et_pb_column][\/et_pb_row][et_pb_row _builder_version=\u00bb4.16&#8243; _module_preset=\u00bbdefault\u00bb locked=\u00bboff\u00bb global_colors_info=\u00bb{}\u00bb][et_pb_column type=\u00bb4_4&#8243; _builder_version=\u00bb4.16&#8243; _module_preset=\u00bbdefault\u00bb global_colors_info=\u00bb{}\u00bb][et_pb_text _builder_version=\u00bb4.18.1&#8243; _module_preset=\u00bbdefault\u00bb text_font=\u00bbMontserrat|300|||||||\u00bb text_text_color=\u00bb#0047ba\u00bb text_font_size=\u00bb35px\u00bb text_line_height=\u00bb1.2em\u00bb header_3_font=\u00bb|600|||||||\u00bb header_3_text_color=\u00bb#6caf3f\u00bb header_3_font_size=\u00bb35px\u00bb text_orientation=\u00bbcenter\u00bb hover_enabled=\u00bb0&#8243; global_colors_info=\u00bb{}\u00bb text_font_size_last_edited=\u00bbon|desktop\u00bb sticky_enabled=\u00bb0&#8243; header_4_line_height=\u00bb1.2em\u00bb header_4_line_height_last_edited=\u00bbon|phone\u00bb content_last_edited=\u00bboff|phone\u00bb content_phone=\u00bb<\/p>\n<p><strong>SOLU\u00c7\u00c3O\u00a0<\/strong>EFICIENTE E N\u00c3O DISPENDIOSA<\/p>\n<h4><\/h4>\n<h4><\/h4>\n<h4><\/h4>\n<h4>A rede de palete <strong>EVOPACK<\/strong> foi concebida para se afirmar como uma solu\u00e7\u00e3o eficaz e n\u00e3o dispendiosa na prote\u00e7\u00e3o de cargas e paletes de modo global, para uso agr\u00edcola, industrial e de horticultura.<\/h4>\n<p>\u00bb text_font_size_phone=\u00bb30px\u00bb text_font_size_tablet=\u00bb35px\u00bb header_4_line_height_tablet=\u00bb1.2em\u00bb header_4_line_height_phone=\u00bb1.2em\u00bb]<\/p>\n<p><strong>SOLUCI\u00d3N\u00a0<\/strong>EFICAZ Y NO DISPENDIOSA<\/p>\n<h4>\u00a0<\/h4>\n<h4>\u00a0<\/h4>\n<h4>\u00a0<\/h4>\n<h4>La malla de pal\u00e9 <strong>EVOPACK<\/strong> fue concebida para afirmarse como una soluci\u00f3n eficaz y no dispendiosa para proteger cargas y pal\u00e9s, de modo global, en uso agr\u00edcola, industrial y de horticultura.<\/h4>\n<p>[\/et_pb_text][\/et_pb_column][\/et_pb_row][\/et_pb_section][et_pb_section fb_built=\u00bb1&#8243; _builder_version=\u00bb4.16&#8243; _module_preset=\u00bbdefault\u00bb z_index=\u00bb3&#8243; custom_margin=\u00bb||50px||false|false\u00bb custom_margin_tablet=\u00bb||180px||false|false\u00bb custom_margin_phone=\u00bb||170px||false|false\u00bb custom_margin_last_edited=\u00bbon|phone\u00bb custom_padding=\u00bb0px||||false|false\u00bb locked=\u00bboff\u00bb global_colors_info=\u00bb{}\u00bb][et_pb_row column_structure=\u00bb1_2,1_2&#8243; _builder_version=\u00bb4.18.1&#8243; _module_preset=\u00bbdefault\u00bb hover_enabled=\u00bb0&#8243; locked=\u00bboff\u00bb global_colors_info=\u00bb{}\u00bb module_class=\u00bbtwo-columns\u00bb sticky_enabled=\u00bb0&#8243;][et_pb_column type=\u00bb1_2&#8243; _builder_version=\u00bb4.16&#8243; _module_preset=\u00bbdefault\u00bb global_colors_info=\u00bb{}\u00bb][dsm_perspective_image src=\u00bbhttps:\/\/exporplas.pt\/wp-content\/uploads\/2021\/04\/1555082267.jpg\u00bb title_text=\u00bb1555082267&#8243; url=\u00bb@ET-DC@eyJkeW5hbWljIjp0cnVlLCJjb250ZW50IjoicG9zdF9saW5rX3VybF9wYWdlIiwic2V0dGluZ3MiOnsicG9zdF9pZCI6IjI3MzgifX0=@\u00bb _builder_version=\u00bb4.16&#8243; _dynamic_attributes=\u00bburl\u00bb _module_preset=\u00bbdefault\u00bb hover_enabled=\u00bb0&#8243; global_colors_info=\u00bb{}\u00bb sticky_enabled=\u00bb0&#8243;][\/dsm_perspective_image][et_pb_text _builder_version=\u00bb4.18.1&#8243; _dynamic_attributes=\u00bblink_option_url\u00bb _module_preset=\u00bbdefault\u00bb text_font=\u00bbMontserrat|600|||||||\u00bb text_text_color=\u00bb#0047BA\u00bb text_font_size=\u00bb19px\u00bb text_orientation=\u00bbcenter\u00bb link_option_url=\u00bb@ET-DC@eyJkeW5hbWljIjp0cnVlLCJjb250ZW50IjoicG9zdF9saW5rX3VybF9wYWdlIiwic2V0dGluZ3MiOnsicG9zdF9pZCI6IjI3MzgifX0=@\u00bb hover_enabled=\u00bb0&#8243; global_colors_info=\u00bb{}\u00bb sticky_enabled=\u00bb0&#8243;]<\/p>\n<p><span>EVOPACK\u00ae CLASSIC<\/span><\/p>\n<p>[\/et_pb_text][\/et_pb_column][et_pb_column type=\u00bb1_2&#8243; _builder_version=\u00bb4.16&#8243; _module_preset=\u00bbdefault\u00bb global_colors_info=\u00bb{}\u00bb][dsm_perspective_image src=\u00bbhttps:\/\/exporplas.pt\/wp-content\/uploads\/2021\/04\/1555081916.jpg\u00bb title_text=\u00bb1555081916&#8243; url=\u00bb@ET-DC@eyJkeW5hbWljIjp0cnVlLCJjb250ZW50IjoicG9zdF9saW5rX3VybF9wYWdlIiwic2V0dGluZ3MiOnsicG9zdF9pZCI6IjI3NDYifX0=@\u00bb _builder_version=\u00bb4.16&#8243; _dynamic_attributes=\u00bburl\u00bb _module_preset=\u00bbdefault\u00bb global_colors_info=\u00bb{}\u00bb][\/dsm_perspective_image][et_pb_text _builder_version=\u00bb4.18.1&#8243; _dynamic_attributes=\u00bblink_option_url\u00bb _module_preset=\u00bbdefault\u00bb text_font=\u00bbMontserrat|600|||||||\u00bb text_text_color=\u00bb#0047BA\u00bb text_font_size=\u00bb19px\u00bb text_orientation=\u00bbcenter\u00bb link_option_url=\u00bb@ET-DC@eyJkeW5hbWljIjp0cnVlLCJjb250ZW50IjoicG9zdF9saW5rX3VybF9wYWdlIiwic2V0dGluZ3MiOnsicG9zdF9pZCI6IjI3NDYifX0=@\u00bb global_colors_info=\u00bb{}\u00bb]<\/p>\n<p>EVOPACK\u00ae ELASTIC<\/p>\n<p>[\/et_pb_text][\/et_pb_column][\/et_pb_row][et_pb_row disabled_on=\u00bboff|off|off\u00bb _builder_version=\u00bb4.16&#8243; _module_preset=\u00bbdefault\u00bb locked=\u00bboff\u00bb global_colors_info=\u00bb{}\u00bb][et_pb_column type=\u00bb4_4&#8243; _builder_version=\u00bb4.16&#8243; _module_preset=\u00bbdefault\u00bb global_colors_info=\u00bb{}\u00bb][et_pb_text _builder_version=\u00bb4.18.1&#8243; _module_preset=\u00bbdefault\u00bb text_font=\u00bb|300|||||||\u00bb text_text_color=\u00bb#6caf3f\u00bb text_font_size=\u00bb35px\u00bb text_line_height=\u00bb1.2em\u00bb header_3_font=\u00bbMontserrat|600|||||||\u00bb header_3_text_color=\u00bb#0047ba\u00bb header_3_font_size=\u00bb35px\u00bb text_orientation=\u00bbcenter\u00bb hover_enabled=\u00bb0&#8243; global_colors_info=\u00bb{}\u00bb sticky_enabled=\u00bb0&#8243;]<\/p>\n<h3>Ver el v\u00eddeo<\/h3>\n<p>[\/et_pb_text][et_pb_divider color=\u00bb#cccccc\u00bb divider_weight=\u00bb1px\u00bb _builder_version=\u00bb4.16&#8243; _module_preset=\u00bbdefault\u00bb z_index=\u00bb1&#8243; width=\u00bb250px\u00bb module_alignment=\u00bbcenter\u00bb global_colors_info=\u00bb{}\u00bb][\/et_pb_divider][et_pb_divider color=\u00bb#0047ba\u00bb divider_weight=\u00bb4px\u00bb _builder_version=\u00bb4.18.1&#8243; _module_preset=\u00bbdefault\u00bb z_index=\u00bb1&#8243; width=\u00bb95px\u00bb module_alignment=\u00bbcenter\u00bb custom_margin=\u00bb-54px||||false|false\u00bb custom_padding=\u00bb0px||||false|false\u00bb global_colors_info=\u00bb{}\u00bb][\/et_pb_divider][\/et_pb_column][\/et_pb_row][et_pb_row disabled_on=\u00bboff|off|off\u00bb _builder_version=\u00bb4.16&#8243; _module_preset=\u00bbdefault\u00bb locked=\u00bboff\u00bb global_colors_info=\u00bb{}\u00bb][et_pb_column type=\u00bb4_4&#8243; _builder_version=\u00bb4.16&#8243; _module_preset=\u00bbdefault\u00bb global_colors_info=\u00bb{}\u00bb][et_pb_video src=\u00bbhttps:\/\/youtu.be\/LdYn91XBpxE\u00bb _builder_version=\u00bb4.16&#8243; _module_preset=\u00bbdefault\u00bb global_colors_info=\u00bb{}\u00bb][\/et_pb_video][\/et_pb_column][\/et_pb_row][\/et_pb_section]<\/p>\n","protected":false},"excerpt":{"rendered":"<p><div class=\"et_pb_module dsm_breadcrumbs dsm_breadcrumbs_0\">\n\t\t\t\t\n\t\t\t\t\n\t\t\t\t\n\t\t\t\t\n\t\t\t\t\n\t\t\t\t\n\t\t\t\t<div class=\"et_pb_module_inner\">\n\t\t\t\t\t<nav class=\"dsm_breadcrumbs_wrap\">\n\t\t\t\t<ul class=\"dsm_breadcrumbs\" itemscope itemtype=\"https:\/\/schema.org\/BreadcrumbList\">\t\t\t<li class=\"dsm_breadcrumbs_item dsm_home_item dsm_home_item_custom\" itemprop=\"itemListElement\" itemscope\n\t\t\titemtype=\"https:\/\/schema.org\/ListItem\">\n\t\t\t\t<a href=\"https:\/\/exporplas.pt\/es\/\" itemprop=\"item\" target=\"\">\n\t\t\t\t\t<span class='dsm_home_text_wrapper'>\n\t\t\t\t\t\t\t\t\t\t\t\t\t<span class=\"et-pb-icon dsm_home_icon\">\ue009<\/span>\n\t\t\t\t\t\t\t\t\t\t\t\t\t<span class=\"dsm_home_text\" itemprop=\"name\">\n\t\t\t\t\t\t\t\t \t\t\t\t\t\t\t<\/span>\n\t\t\t\t\t<\/span>\n\t\t\t\t<\/a>\n\t\t\t\t<meta itemprop=\"position\" content=\"1\" \/>\n\t\t\t<\/li>\n\n\t\t<li class=\"dsm_breadcrumbs_separator\"> <span class=\"et-pb-icon dsm_separator_icon\">5<\/span><\/li><\/ul>\n\t\t\t<\/nav>\n\t\t\t\t<\/div>\n\t\t\t<\/div>INDUSTRIA | MALLAS DE PAL\u00c9SOLUCI\u00d3N\u00a0EFICAZ Y NO DISPENDIOSA \u00a0 \u00a0 \u00a0 La malla de pal\u00e9 EVOPACK fue concebida para afirmarse como una soluci\u00f3n eficaz y no dispendiosa para proteger cargas y pal\u00e9s, de modo global, en uso agr\u00edcola, industrial y de horticultura.<div class=\"et_pb_module dsm_perspective_image dsm_perspective_image_0\">\n\t\t\t\t\n\t\t\t\t\n\t\t\t\t\n\t\t\t\t\n\t\t\t\t\n\t\t\t\t\n\t\t\t\t<div class=\"et_pb_module_inner\">\n\t\t\t\t\t<div class=\"dsm-perspective-image-wrapper et_always_center_on_mobile\">\n\t\t\t\t\n\t\t\t\t\n\t\t\t\t<span class=\"et_pb_image_wrap \"><img decoding=\"async\" src=\"https:\/\/exporplas.pt\/wp-content\/uploads\/2021\/04\/1555082267.jpg\" alt=\"\" title=\"1555082267\" \/><\/span>\n\t\t\t<\/div>\n\t\t\t\t<\/div>\n\t\t\t<\/div>EVOPACK\u00ae CLASSIC<div class=\"et_pb_module dsm_perspective_image dsm_perspective_image_1\">\n\t\t\t\t\n\t\t\t\t\n\t\t\t\t\n\t\t\t\t\n\t\t\t\t\n\t\t\t\t\n\t\t\t\t<div class=\"et_pb_module_inner\">\n\t\t\t\t\t<div class=\"dsm-perspective-image-wrapper et_always_center_on_mobile\">\n\t\t\t\t\n\t\t\t\t\n\t\t\t\t<span class=\"et_pb_image_wrap \"><img decoding=\"async\" src=\"https:\/\/exporplas.pt\/wp-content\/uploads\/2021\/04\/1555081916.jpg\" alt=\"\" title=\"1555081916\" \/><\/span>\n\t\t\t<\/div>\n\t\t\t\t<\/div>\n\t\t\t<\/div>EVOPACK\u00ae ELASTICVer el v\u00eddeo<\/p>\n","protected":false},"author":0,"featured_media":0,"parent":225861,"menu_order":0,"comment_status":"closed","ping_status":"closed","template":"","meta":{"_et_pb_use_builder":"on","_et_pb_old_content":"","_et_gb_content_width":"","footnotes":""},"class_list":["post-226041","page","type-page","status-publish","hentry"],"_links":{"self":[{"href":"https:\/\/exporplas.pt\/es\/wp-json\/wp\/v2\/pages\/226041","targetHints":{"allow":["GET"]}}],"collection":[{"href":"https:\/\/exporplas.pt\/es\/wp-json\/wp\/v2\/pages"}],"about":[{"href":"https:\/\/exporplas.pt\/es\/wp-json\/wp\/v2\/types\/page"}],"replies":[{"embeddable":true,"href":"https:\/\/exporplas.pt\/es\/wp-json\/wp\/v2\/comments?post=226041"}],"version-history":[{"count":0,"href":"https:\/\/exporplas.pt\/es\/wp-json\/wp\/v2\/pages\/226041\/revisions"}],"up":[{"embeddable":true,"href":"https:\/\/exporplas.pt\/es\/wp-json\/wp\/v2\/pages\/225861"}],"wp:attachment":[{"href":"https:\/\/exporplas.pt\/es\/wp-json\/wp\/v2\/media?parent=226041"}],"curies":[{"name":"wp","href":"https:\/\/api.w.org\/{rel}","templated":true}]}}