{"id":225893,"date":"2021-10-08T16:09:34","date_gmt":"2021-10-08T16:09:34","guid":{"rendered":"https:\/\/manage.exporplas\/areas-de-negocio\/cesped-artificial\/fil-play\/"},"modified":"2023-06-06T10:12:21","modified_gmt":"2023-06-06T10:12:21","slug":"fil-play","status":"publish","type":"page","link":"https:\/\/exporplas.pt\/es\/areas-de-negocio\/cesped-artificial\/fil-play\/","title":{"rendered":"FIL PLAY"},"content":{"rendered":"<p>[et_pb_section fb_built=\u00bb1&#8243; _builder_version=\u00bb4.16&#8243; _module_preset=\u00bbcf9e4866-cc9d-4873-885e-2cd0121ee8a1&#8243; locked=\u00bboff\u00bb global_colors_info=\u00bb{}\u00bb][et_pb_row _builder_version=\u00bb4.16&#8243; _module_preset=\u00bbdefault\u00bb max_width=\u00bb1230px\u00bb custom_margin=\u00bb||||false|false\u00bb custom_padding=\u00bb0px||0px||false|false\u00bb global_colors_info=\u00bb{}\u00bb][et_pb_column type=\u00bb4_4&#8243; _builder_version=\u00bb4.16&#8243; _module_preset=\u00bbdefault\u00bb global_colors_info=\u00bb{}\u00bb][dsm_breadcrumbs _builder_version=\u00bb4.16&#8243; _module_preset=\u00bb7726ac8d-7222-46bd-8a73-3088c2807996&#8243; global_colors_info=\u00bb{}\u00bb][\/dsm_breadcrumbs][\/et_pb_column][\/et_pb_row][\/et_pb_section][et_pb_section fb_built=\u00bb1&#8243; _builder_version=\u00bb4.16&#8243; _module_preset=\u00bbdefault\u00bb z_index=\u00bb3&#8243; global_colors_info=\u00bb{}\u00bb][et_pb_row disabled_on=\u00bbon|off|off\u00bb _builder_version=\u00bb4.16&#8243; _module_preset=\u00bbdefault\u00bb global_colors_info=\u00bb{}\u00bb][et_pb_column type=\u00bb4_4&#8243; _builder_version=\u00bb4.16&#8243; _module_preset=\u00bbdefault\u00bb global_colors_info=\u00bb{}\u00bb][et_pb_text _builder_version=\u00bb4.18.1&#8243; _module_preset=\u00bbdefault\u00bb text_font=\u00bbMontserrat|600|||||||\u00bb text_text_color=\u00bb#6caf3f\u00bb text_font_size=\u00bb19px\u00bb text_orientation=\u00bbcenter\u00bb global_colors_info=\u00bb{}\u00bb]<\/p>\n<p>C\u00c9SPED ARTIFICIAL\u00a0| FIL PLAY<\/p>\n<p>[\/et_pb_text][et_pb_divider color=\u00bb#cccccc\u00bb divider_weight=\u00bb1px\u00bb _builder_version=\u00bb4.16&#8243; _module_preset=\u00bbdefault\u00bb z_index=\u00bb1&#8243; width=\u00bb250px\u00bb module_alignment=\u00bbcenter\u00bb locked=\u00bboff\u00bb global_colors_info=\u00bb{}\u00bb][\/et_pb_divider][et_pb_divider divider_weight=\u00bb4px\u00bb _builder_version=\u00bb4.16&#8243; _module_preset=\u00bbdefault\u00bb z_index=\u00bb1&#8243; width=\u00bb95px\u00bb module_alignment=\u00bbcenter\u00bb custom_margin=\u00bb-54px||||false|false\u00bb custom_padding=\u00bb0px||||false|false\u00bb locked=\u00bboff\u00bb global_colors_info=\u00bb{}\u00bb][\/et_pb_divider][\/et_pb_column][\/et_pb_row][\/et_pb_section][et_pb_section fb_built=\u00bb1&#8243; admin_label=\u00bbSection\u00bb module_id=\u00bbproducto\u00bb _builder_version=\u00bb4.16&#8243; _module_preset=\u00bbdefault\u00bb z_index=\u00bb3&#8243; custom_margin=\u00bb||50px||false|false\u00bb custom_margin_tablet=\u00bb||180px||false|false\u00bb custom_margin_phone=\u00bb||170px||false|false\u00bb custom_margin_last_edited=\u00bbon|phone\u00bb custom_padding=\u00bb0px||||false|false\u00bb global_colors_info=\u00bb{}\u00bb][et_pb_row column_structure=\u00bb1_2,1_2&#8243; _builder_version=\u00bb4.16&#8243; _module_preset=\u00bbdefault\u00bb global_colors_info=\u00bb{}\u00bb][et_pb_column type=\u00bb1_2&#8243; _builder_version=\u00bb4.16&#8243; _module_preset=\u00bbdefault\u00bb global_colors_info=\u00bb{}\u00bb][et_pb_text _builder_version=\u00bb4.18.1&#8243; _module_preset=\u00bbdefault\u00bb text_font=\u00bbMontserrat|300|||||||\u00bb text_text_color=\u00bb#6caf3f\u00bb text_font_size=\u00bb45px\u00bb text_line_height=\u00bb1em\u00bb header_3_font=\u00bbMontserrat|600|||||||\u00bb header_3_text_color=\u00bb#6caf3f\u00bb header_3_font_size=\u00bb45px\u00bb text_font_size_tablet=\u00bb45px\u00bb text_font_size_phone=\u00bb25px\u00bb text_font_size_last_edited=\u00bbon|phone\u00bb locked=\u00bboff\u00bb global_colors_info=\u00bb{}\u00bb]<\/p>\n<h3>FIL PLAY<\/h3>\n<p><span class=\"TextRun SCXW236644278 BCX4\" lang=\"ES-ES\" xml:lang=\"ES-ES\" data-contrast=\"auto\"><span class=\"NormalTextRun SCXW236644278 BCX4\">\u201cRECUPERACI\u00d3N<\/span><span class=\"NormalTextRun SCXW236644278 BCX4\"> EL\u00c1STICA SUPERIOR\u201d<\/span><\/span><\/p>\n<p>[\/et_pb_text][et_pb_text _builder_version=\u00bb4.21.0&#8243; _module_preset=\u00bbdefault\u00bb hover_enabled=\u00bb0&#8243; global_colors_info=\u00bb{}\u00bb sticky_enabled=\u00bb0&#8243;]<\/p>\n<p><span class=\"TextRun SCXW202452587 BCX4\" lang=\"ES-ES\" xml:lang=\"ES-ES\" data-contrast=\"auto\"><span class=\"NormalTextRun SCXW202452587 BCX4\">Para <\/span><span class=\"NormalTextRun SCXW202452587 BCX4\">los de<\/span><span class=\"NormalTextRun SCXW202452587 BCX4\">port<\/span><span class=\"NormalTextRun SCXW202452587 BCX4\">e<\/span><span class=\"NormalTextRun SCXW202452587 BCX4\">s m\u00e1<\/span><span class=\"NormalTextRun SCXW202452587 BCX4\">s exigentes del <\/span><span class=\"NormalTextRun SCXW202452587 BCX4\">mundo, EXPORPL\u00c1S<\/span><span class=\"NormalTextRun SCXW202452587 BCX4\">\u00a0t<\/span><span class=\"NormalTextRun SCXW202452587 BCX4\">iene<\/span> <span class=\"NormalTextRun SCXW202452587 BCX4\">la soluci\u00f3n <\/span><span class=\"NormalTextRun SCXW202452587 BCX4\">a<\/span><span class=\"NormalTextRun SCXW202452587 BCX4\">decuada: el h<\/span><span class=\"NormalTextRun SCXW202452587 BCX4\">i<\/span><span class=\"NormalTextRun SCXW202452587 BCX4\">l<\/span><span class=\"NormalTextRun SCXW202452587 BCX4\">o sint\u00e9tico FIL Play, especialmente <\/span><span class=\"NormalTextRun SCXW202452587 BCX4\">dise\u00f1ado para aplicaciones<\/span><span class=\"NormalTextRun SCXW202452587 BCX4\"> de alto rendim<\/span><span class=\"NormalTextRun SCXW202452587 BCX4\">i<\/span><span class=\"NormalTextRun SCXW202452587 BCX4\">ento. <\/span><span class=\"NormalTextRun SCXW202452587 BCX4\">Utilizando<\/span> <span class=\"NormalTextRun SCXW202452587 BCX4\">nuestro exclusivo proceso de producci\u00f3n, ofrecemos una fibra singular, destinada a la fabricaci\u00f3n de c\u00e9sped sint\u00e9tico, con alta tenacidad, recuperaci\u00f3n de superfi<\/span><span class=\"NormalTextRun SCXW202452587 BCX4\">cie o<\/span><span class=\"NormalTextRun SCXW202452587 BCX4\">ptimizada, prop<\/span><span class=\"NormalTextRun SCXW202452587 BCX4\">iedades amigas d<\/span><span class=\"NormalTextRun SCXW202452587 BCX4\">e l<\/span><span class=\"NormalTextRun SCXW202452587 BCX4\">a p<\/span><span class=\"NormalTextRun SCXW202452587 BCX4\">iel, un<\/span><span class=\"NormalTextRun SCXW202452587 BCX4\"> aspe<\/span><span class=\"NormalTextRun SCXW202452587 BCX4\">cto y<\/span><span class=\"NormalTextRun SCXW202452587 BCX4\"> toque natural, <\/span><span class=\"NormalTextRun SCXW202452587 BCX4\">de <\/span><span class=\"NormalTextRun SCXW202452587 BCX4\">aplicaci\u00f3n r\u00e1pida y<\/span> <span class=\"NormalTextRun SCXW202452587 BCX4\">m\u00ednimo<\/span> <span class=\"NormalTextRun SCXW202452587 BCX4\">mantenimiento<\/span><span class=\"NormalTextRun SCXW202452587 BCX4\">. <\/span><span class=\"NormalTextRun SCXW202452587 BCX4\">Nuestro proceso de fabricaci\u00f3n<\/span> <span class=\"NormalTextRun SCXW202452587 BCX4\">nos permite of<\/span><span class=\"NormalTextRun SCXW202452587 BCX4\">recer, <\/span><span class=\"NormalTextRun SCXW202452587 BCX4\">a nuestros<\/span><span class=\"NormalTextRun SCXW202452587 BCX4\"> clientes, una amplia gama de h<\/span><span class=\"NormalTextRun SCXW202452587 BCX4\">i<\/span><span class=\"NormalTextRun SCXW202452587 BCX4\">los, con diferentes formas <\/span><span class=\"NormalTextRun SCXW202452587 BCX4\">y<\/span><span class=\"NormalTextRun SCXW202452587 BCX4\"> caracter\u00edsticas, \u00e9stos cumplen indudablemente <\/span><span class=\"NormalTextRun SCXW202452587 BCX4\">todos <\/span><span class=\"NormalTextRun SCXW202452587 BCX4\">los requisitos y conformidades de tope<\/span><span class=\"NormalTextRun SCXW202452587 BCX4\">,<\/span><span class=\"NormalTextRun SCXW202452587 BCX4\"> vigentes<\/span> <span class=\"NormalTextRun SCXW202452587 BCX4\">en el f\u00fatbol y en muchos otros deporte<\/span><span class=\"NormalTextRun SCXW202452587 BCX4\">s.<\/span><\/span><\/p>\n<p>[\/et_pb_text][et_pb_text _builder_version=\u00bb4.16&#8243; _module_preset=\u00bbdefault\u00bb locked=\u00bboff\u00bb global_colors_info=\u00bb{}\u00bb]<\/p>\n<p><span style=\"text-decoration: underline;\"><strong><a href=\"mailto:info@exporplas.pt\">Para mas informaci\u00f3n contactenos.<\/a><\/strong><\/span><\/p>\n<p>[\/et_pb_text][et_pb_button button_url=\u00bb@ET-DC@eyJkeW5hbWljIjp0cnVlLCJjb250ZW50IjoicG9zdF9saW5rX3VybF9wYWdlIiwic2V0dGluZ3MiOnsicG9zdF9pZCI6IjIyNDgzNSJ9fQ==@\u00bb button_text=\u00bbVOLVER\u00bb button_alignment=\u00bbleft\u00bb _builder_version=\u00bb4.16&#8243; _dynamic_attributes=\u00bbbutton_url\u00bb _module_preset=\u00bbdefault\u00bb custom_button=\u00bbon\u00bb button_text_size=\u00bb9px\u00bb button_text_color=\u00bb#ffffff\u00bb button_bg_color=\u00bb#6caf3f\u00bb button_border_width=\u00bb10px\u00bb button_border_color=\u00bbrgba(47,56,84,0)\u00bb button_border_radius=\u00bb60px\u00bb button_letter_spacing=\u00bb1px\u00bb button_font=\u00bb|700||on|||||\u00bb button_use_icon=\u00bboff\u00bb animation_style=\u00bbfade\u00bb locked=\u00bboff\u00bb global_colors_info=\u00bb{}\u00bb button_border_radius__hover=\u00bb66px\u00bb button_border_radius__hover_enabled=\u00bbon\u00bb button_letter_spacing__hover=\u00bb1px\u00bb button_letter_spacing__hover_enabled=\u00bbon\u00bb][\/et_pb_button][\/et_pb_column][et_pb_column type=\u00bb1_2&#8243; _builder_version=\u00bb4.16&#8243; _module_preset=\u00bbdefault\u00bb global_colors_info=\u00bb{}\u00bb][et_pb_image src=\u00bbhttps:\/\/exporplas.pt\/wp-content\/uploads\/2021\/04\/Fil_Play_Background.jpg\u00bb title_text=\u00bbFil_Play_Background\u00bb _builder_version=\u00bb4.16&#8243; _module_preset=\u00bbdefault\u00bb global_colors_info=\u00bb{}\u00bb][\/et_pb_image][\/et_pb_column][\/et_pb_row][\/et_pb_section]<\/p>\n","protected":false},"excerpt":{"rendered":"<p><div class=\"et_pb_module dsm_breadcrumbs dsm_breadcrumbs_0\">\n\t\t\t\t\n\t\t\t\t\n\t\t\t\t\n\t\t\t\t\n\t\t\t\t\n\t\t\t\t\n\t\t\t\t<div class=\"et_pb_module_inner\">\n\t\t\t\t\t<nav class=\"dsm_breadcrumbs_wrap\">\n\t\t\t\t<ul class=\"dsm_breadcrumbs\" itemscope itemtype=\"https:\/\/schema.org\/BreadcrumbList\">\t\t\t<li class=\"dsm_breadcrumbs_item dsm_home_item dsm_home_item_custom\" itemprop=\"itemListElement\" itemscope\n\t\t\titemtype=\"https:\/\/schema.org\/ListItem\">\n\t\t\t\t<a href=\"https:\/\/exporplas.pt\/es\/\" itemprop=\"item\" target=\"\">\n\t\t\t\t\t<span class='dsm_home_text_wrapper'>\n\t\t\t\t\t\t\t\t\t\t\t\t\t<span class=\"et-pb-icon dsm_home_icon\">\ue009<\/span>\n\t\t\t\t\t\t\t\t\t\t\t\t\t<span class=\"dsm_home_text\" itemprop=\"name\">\n\t\t\t\t\t\t\t\t \t\t\t\t\t\t\t<\/span>\n\t\t\t\t\t<\/span>\n\t\t\t\t<\/a>\n\t\t\t\t<meta itemprop=\"position\" content=\"1\" \/>\n\t\t\t<\/li>\n\n\t\t<li class=\"dsm_breadcrumbs_separator\"> <span class=\"et-pb-icon dsm_separator_icon\">5<\/span><\/li><\/ul>\n\t\t\t<\/nav>\n\t\t\t\t<\/div>\n\t\t\t<\/div>C\u00c9SPED ARTIFICIAL\u00a0| FIL PLAYFIL PLAY \u201cRECUPERACI\u00d3N EL\u00c1STICA SUPERIOR\u201dPara los deportes m\u00e1s exigentes del mundo, EXPORPL\u00c1S\u00a0tiene la soluci\u00f3n adecuada: el hilo sint\u00e9tico FIL Play, especialmente dise\u00f1ado para aplicaciones de alto rendimiento. Utilizando nuestro exclusivo proceso de producci\u00f3n, ofrecemos una fibra singular, destinada a la fabricaci\u00f3n de c\u00e9sped sint\u00e9tico, con alta tenacidad, recuperaci\u00f3n de superficie optimizada, propiedades amigas de la piel, un aspecto y toque natural, de aplicaci\u00f3n r\u00e1pida y m\u00ednimo mantenimiento. Nuestro proceso de fabricaci\u00f3n nos permite ofrecer, a nuestros clientes, una amplia gama de hilos, con diferentes formas y caracter\u00edsticas, \u00e9stos cumplen indudablemente todos los requisitos y conformidades de tope, vigentes en el f\u00fatbol y en muchos otros deportes.Para mas informaci\u00f3n contactenos.<\/p>\n","protected":false},"author":0,"featured_media":0,"parent":225879,"menu_order":0,"comment_status":"closed","ping_status":"closed","template":"","meta":{"_et_pb_use_builder":"on","_et_pb_old_content":"","_et_gb_content_width":"","footnotes":""},"class_list":["post-225893","page","type-page","status-publish","hentry"],"_links":{"self":[{"href":"https:\/\/exporplas.pt\/es\/wp-json\/wp\/v2\/pages\/225893","targetHints":{"allow":["GET"]}}],"collection":[{"href":"https:\/\/exporplas.pt\/es\/wp-json\/wp\/v2\/pages"}],"about":[{"href":"https:\/\/exporplas.pt\/es\/wp-json\/wp\/v2\/types\/page"}],"replies":[{"embeddable":true,"href":"https:\/\/exporplas.pt\/es\/wp-json\/wp\/v2\/comments?post=225893"}],"version-history":[{"count":0,"href":"https:\/\/exporplas.pt\/es\/wp-json\/wp\/v2\/pages\/225893\/revisions"}],"up":[{"embeddable":true,"href":"https:\/\/exporplas.pt\/es\/wp-json\/wp\/v2\/pages\/225879"}],"wp:attachment":[{"href":"https:\/\/exporplas.pt\/es\/wp-json\/wp\/v2\/media?parent=225893"}],"curies":[{"name":"wp","href":"https:\/\/api.w.org\/{rel}","templated":true}]}}