{"id":225864,"date":"2021-10-08T14:37:19","date_gmt":"2021-10-08T14:37:19","guid":{"rendered":"https:\/\/manage.exporplas\/areas-de-negocio\/"},"modified":"2023-05-16T14:41:26","modified_gmt":"2023-05-16T14:41:26","slug":"areas-de-negocio","status":"publish","type":"page","link":"https:\/\/exporplas.pt\/es\/areas-de-negocio\/","title":{"rendered":"AREAS DE NEGOCIO"},"content":{"rendered":"<p>[et_pb_section fb_built=\u00bb1&#8243; _builder_version=\u00bb4.16&#8243; _module_preset=\u00bbdefault\u00bb background_color=\u00bb#efefef\u00bb z_index=\u00bb3&#8243; custom_padding=\u00bb0px||0px||false|false\u00bb sticky_position=\u00bbtop\u00bb global_colors_info=\u00bb{}\u00bb][et_pb_row _builder_version=\u00bb4.16&#8243; _module_preset=\u00bbdefault\u00bb max_width=\u00bb1230px\u00bb custom_margin=\u00bb||||false|false\u00bb custom_padding=\u00bb0px||0px||false|false\u00bb global_colors_info=\u00bb{}\u00bb][et_pb_column type=\u00bb4_4&#8243; _builder_version=\u00bb4.16&#8243; _module_preset=\u00bbdefault\u00bb global_colors_info=\u00bb{}\u00bb][dsm_breadcrumbs _builder_version=\u00bb4.16&#8243; _module_preset=\u00bbdefault\u00bb global_colors_info=\u00bb{}\u00bb][\/dsm_breadcrumbs][\/et_pb_column][\/et_pb_row][\/et_pb_section][et_pb_section fb_built=\u00bb1&#8243; _builder_version=\u00bb4.16&#8243; _module_preset=\u00bbdefault\u00bb z_index=\u00bb3&#8243; custom_padding=\u00bb0px||||false|false\u00bb global_colors_info=\u00bb{}\u00bb][et_pb_row admin_label=\u00bbT\u00edtulo \u00c1reas de Neg\u00f3cio\u00bb _builder_version=\u00bb4.18.1&#8243; _module_preset=\u00bbdefault\u00bb animation_direction=\u00bbbottom\u00bb scroll_vertical_motion_enable=\u00bbon\u00bb scroll_vertical_motion=\u00bb0|35|70|100|0.5|0|0&#8243; motion_trigger_start=\u00bbtop\u00bb locked=\u00bboff\u00bb global_colors_info=\u00bb{}\u00bb disabled_on=\u00bbon|off|off\u00bb][et_pb_column type=\u00bb4_4&#8243; _builder_version=\u00bb4.16&#8243; _module_preset=\u00bbdefault\u00bb global_colors_info=\u00bb{}\u00bb][et_pb_text _builder_version=\u00bb4.18.1&#8243; _module_preset=\u00bbad3c469a-73a4-4c1e-8e67-4ce21c3633ec\u00bb header_2_font_size_tablet=\u00bb\u00bb header_2_font_size_phone=\u00bb\u00bb header_2_font_size_last_edited=\u00bbon|phone\u00bb global_colors_info=\u00bb{}\u00bb]<\/p>\n<h2 style=\"text-align: center;\"><span style=\"color: #6caf3f;\">AREAS DE NEGOCIO<\/span><\/h2>\n<p>[\/et_pb_text][et_pb_divider color=\u00bb#cccccc\u00bb divider_weight=\u00bb1px\u00bb divider_weight_tablet=\u00bb1px\u00bb divider_weight_phone=\u00bb1px\u00bb divider_weight_last_edited=\u00bbon|desktop\u00bb _builder_version=\u00bb4.18.1&#8243; _module_preset=\u00bbdefault\u00bb z_index=\u00bb1&#8243; width=\u00bb250px\u00bb width_tablet=\u00bb40%\u00bb width_phone=\u00bb60%\u00bb width_last_edited=\u00bbon|phone\u00bb module_alignment=\u00bbcenter\u00bb global_colors_info=\u00bb{}\u00bb][\/et_pb_divider][et_pb_divider divider_weight=\u00bb4px\u00bb divider_weight_tablet=\u00bb\u00bb divider_weight_phone=\u00bb\u00bb divider_weight_last_edited=\u00bbon|tablet\u00bb _builder_version=\u00bb4.16&#8243; _module_preset=\u00bbdefault\u00bb z_index=\u00bb1&#8243; width=\u00bb95px\u00bb width_tablet=\u00bb20%\u00bb width_phone=\u00bb30%\u00bb width_last_edited=\u00bbon|phone\u00bb module_alignment=\u00bbcenter\u00bb custom_margin=\u00bb-54px||||false|false\u00bb custom_padding=\u00bb0px||||false|false\u00bb global_colors_info=\u00bb{}\u00bb][\/et_pb_divider][\/et_pb_column][\/et_pb_row][\/et_pb_section][et_pb_section fb_built=\u00bb1&#8243; _builder_version=\u00bb4.16&#8243; _module_preset=\u00bbdefault\u00bb z_index=\u00bb3&#8243; custom_margin=\u00bb||50px||false|false\u00bb custom_margin_tablet=\u00bb||180px||false|false\u00bb custom_margin_phone=\u00bb||170px||false|false\u00bb custom_margin_last_edited=\u00bbon|phone\u00bb custom_padding=\u00bb0px||||false|false\u00bb global_colors_info=\u00bb{}\u00bb][et_pb_row column_structure=\u00bb1_6,1_6,1_6,1_6,1_6,1_6&#8243; use_custom_gutter=\u00bbon\u00bb gutter_width=\u00bb1&#8243; make_equal=\u00bbon\u00bb admin_label=\u00bb\u00c1reas de Neg\u00f3cio\u00bb module_class=\u00bbtwo-columns\u00bb _builder_version=\u00bb4.18.1&#8243; _module_preset=\u00bbdefault\u00bb width_tablet=\u00bb65%\u00bb width_phone=\u00bb\u00bb width_last_edited=\u00bbon|phone\u00bb animation_direction=\u00bbbottom\u00bb scroll_vertical_motion_enable=\u00bbon\u00bb scroll_vertical_motion=\u00bb0|35|70|100|0.5|0|0&#8243; motion_trigger_start=\u00bbtop\u00bb locked=\u00bboff\u00bb global_colors_info=\u00bb{}\u00bb][et_pb_column type=\u00bb1_6&#8243; _builder_version=\u00bb4.16&#8243; _module_preset=\u00bbdefault\u00bb global_colors_info=\u00bb{}\u00bb][et_pb_blurb image=\u00bbhttps:\/\/exporplas.pt\/wp-content\/uploads\/2022\/07\/Agriculture.png\u00bb _builder_version=\u00bb4.17.4&#8243; _module_preset=\u00bbdefault\u00bb header_font_size=\u00bb14px\u00bb background_enable_image=\u00bboff\u00bb background_size=\u00bbcontain\u00bb module_alignment=\u00bbcenter\u00bb custom_margin=\u00bb||-20px||false|false\u00bb custom_margin_tablet=\u00bb||-20px||false|false\u00bb custom_margin_phone=\u00bb||-20px||false|false\u00bb custom_margin_last_edited=\u00bbon|phone\u00bb custom_padding=\u00bb0px|||||\u00bb animation=\u00bboff\u00bb link_option_url=\u00bbhttps:\/\/exporplas.pt\/es\/areas-de-negocio\/agricultura\/#produto\u00bb global_colors_info=\u00bb{}\u00bb][\/et_pb_blurb][et_pb_text _builder_version=\u00bb4.18.1&#8243; _module_preset=\u00bb6012650c-38c7-466e-946e-eed2f52b6c3e\u00bb link_option_url=\u00bbhttps:\/\/exporplas.pt\/es\/areas-de-negocio\/agricultura\/#produto\u00bb locked=\u00bboff\u00bb global_colors_info=\u00bb{}\u00bb]<\/p>\n<p style=\"text-align: center;\"><a href=\"https:\/\/exporplas.pt\/en\/agricultural\/\"><span style=\"color: #8e8e8e;\">AGRICULTURA<\/span><\/a><\/p>\n<p>[\/et_pb_text][\/et_pb_column][et_pb_column type=\u00bb1_6&#8243; _builder_version=\u00bb4.16&#8243; _module_preset=\u00bbdefault\u00bb global_colors_info=\u00bb{}\u00bb][et_pb_blurb image=\u00bbhttps:\/\/exporplas.pt\/wp-content\/uploads\/2022\/07\/Horticulture.png\u00bb _builder_version=\u00bb4.17.4&#8243; _module_preset=\u00bbdefault\u00bb header_font_size=\u00bb14px\u00bb background_enable_image=\u00bboff\u00bb background_size=\u00bbcontain\u00bb module_alignment=\u00bbcenter\u00bb custom_margin=\u00bb||-20px||false|false\u00bb custom_margin_tablet=\u00bb||-20px||false|false\u00bb custom_margin_phone=\u00bb||-20px||false|false\u00bb custom_margin_last_edited=\u00bbon|phone\u00bb custom_padding=\u00bb0px|||||\u00bb animation=\u00bboff\u00bb link_option_url=\u00bbhttps:\/\/exporplas.pt\/es\/areas-de-negocio\/horticultura\/#produto\u00bb global_colors_info=\u00bb{}\u00bb][\/et_pb_blurb][et_pb_text _builder_version=\u00bb4.18.1&#8243; _module_preset=\u00bb6012650c-38c7-466e-946e-eed2f52b6c3e\u00bb link_option_url=\u00bbhttps:\/\/exporplas.pt\/es\/areas-de-negocio\/horticultura\/#produto\u00bb locked=\u00bboff\u00bb global_colors_info=\u00bb{}\u00bb]<\/p>\n<p style=\"text-align: center;\"><span style=\"color: #8e8e8e;\">HORTICULTURA<\/span><\/p>\n<p>[\/et_pb_text][\/et_pb_column][et_pb_column type=\u00bb1_6&#8243; _builder_version=\u00bb4.16&#8243; _module_preset=\u00bbdefault\u00bb global_colors_info=\u00bb{}\u00bb][et_pb_blurb image=\u00bbhttps:\/\/exporplas.pt\/wp-content\/uploads\/2022\/07\/Ropes.png\u00bb _builder_version=\u00bb4.17.4&#8243; _module_preset=\u00bbdefault\u00bb header_font_size=\u00bb14px\u00bb background_enable_image=\u00bboff\u00bb background_size=\u00bbcontain\u00bb module_alignment=\u00bbcenter\u00bb custom_margin=\u00bb||-20px||false|false\u00bb custom_margin_tablet=\u00bb||-20px||false|false\u00bb custom_margin_phone=\u00bb||-20px||false|false\u00bb custom_margin_last_edited=\u00bbon|phone\u00bb custom_padding=\u00bb0px|||||\u00bb animation=\u00bboff\u00bb link_option_url=\u00bbhttps:\/\/exporplas.pt\/es\/areas-de-negocio\/cuerdas-acuicultura\/#produto\u00bb global_colors_info=\u00bb{}\u00bb][\/et_pb_blurb][et_pb_text _builder_version=\u00bb4.18.1&#8243; _module_preset=\u00bb6012650c-38c7-466e-946e-eed2f52b6c3e\u00bb link_option_url=\u00bbhttps:\/\/exporplas.pt\/es\/areas-de-negocio\/cuerdas-acuicultura\/#produto\u00bb locked=\u00bboff\u00bb global_colors_info=\u00bb{}\u00bb]<\/p>\n<p style=\"text-align: center;\">PESCA \/ ACUICULTURA<\/p>\n<p>[\/et_pb_text][\/et_pb_column][et_pb_column type=\u00bb1_6&#8243; _builder_version=\u00bb4.16&#8243; _module_preset=\u00bbdefault\u00bb global_colors_info=\u00bb{}\u00bb][et_pb_blurb image=\u00bbhttps:\/\/exporplas.pt\/wp-content\/uploads\/2022\/07\/Industry.png\u00bb _builder_version=\u00bb4.17.4&#8243; _module_preset=\u00bbdefault\u00bb header_font_size=\u00bb14px\u00bb background_enable_image=\u00bboff\u00bb background_size=\u00bbcontain\u00bb module_alignment=\u00bbcenter\u00bb custom_margin=\u00bb||-20px||false|false\u00bb custom_margin_tablet=\u00bb||-20px||false|false\u00bb custom_margin_phone=\u00bb||-20px||false|false\u00bb custom_margin_last_edited=\u00bbon|phone\u00bb custom_padding=\u00bb0px|||||\u00bb animation=\u00bboff\u00bb link_option_url=\u00bbhttps:\/\/exporplas.pt\/es\/areas-de-negocio\/industria\/#produto\u00bb global_colors_info=\u00bb{}\u00bb][\/et_pb_blurb][et_pb_text _builder_version=\u00bb4.18.1&#8243; _module_preset=\u00bb6012650c-38c7-466e-946e-eed2f52b6c3e\u00bb link_option_url=\u00bbhttps:\/\/exporplas.pt\/es\/areas-de-negocio\/industria\/#produto\u00bb locked=\u00bboff\u00bb global_colors_info=\u00bb{}\u00bb]<\/p>\n<p style=\"text-align: center;\"><span style=\"color: #8e8e8e;\">INDUSTRIA<\/span><\/p>\n<p>[\/et_pb_text][\/et_pb_column][et_pb_column type=\u00bb1_6&#8243; _builder_version=\u00bb4.16&#8243; _module_preset=\u00bbdefault\u00bb global_colors_info=\u00bb{}\u00bb][et_pb_blurb image=\u00bbhttps:\/\/exporplas.pt\/wp-content\/uploads\/2022\/07\/Construction.png\u00bb _builder_version=\u00bb4.17.4&#8243; _module_preset=\u00bbdefault\u00bb header_font_size=\u00bb14px\u00bb background_enable_image=\u00bboff\u00bb background_size=\u00bbcontain\u00bb module_alignment=\u00bbcenter\u00bb custom_margin=\u00bb||-20px||false|false\u00bb custom_margin_tablet=\u00bb||-20px||false|false\u00bb custom_margin_phone=\u00bb||-20px||false|false\u00bb custom_margin_last_edited=\u00bbon|phone\u00bb custom_padding=\u00bb0px|||||\u00bb animation=\u00bboff\u00bb link_option_url=\u00bbhttps:\/\/exporplas.pt\/es\/areas-de-negocio\/construccion\/#produto\u00bb locked=\u00bboff\u00bb global_colors_info=\u00bb{}\u00bb][\/et_pb_blurb][et_pb_text _builder_version=\u00bb4.18.1&#8243; _module_preset=\u00bb6012650c-38c7-466e-946e-eed2f52b6c3e\u00bb link_option_url=\u00bbhttps:\/\/exporplas.pt\/es\/areas-de-negocio\/construccion\/#produto\u00bb locked=\u00bboff\u00bb global_colors_info=\u00bb{}\u00bb]<\/p>\n<p style=\"text-align: center;\"><span style=\"color: #8e8e8e;\">CONSTRUCCI\u00d3N<\/span><\/p>\n<p>[\/et_pb_text][\/et_pb_column][et_pb_column type=\u00bb1_6&#8243; _builder_version=\u00bb4.16&#8243; _module_preset=\u00bbdefault\u00bb global_colors_info=\u00bb{}\u00bb][et_pb_blurb image=\u00bbhttps:\/\/exporplas.pt\/wp-content\/uploads\/2022\/07\/Artificial_Grass.png\u00bb _builder_version=\u00bb4.17.4&#8243; _module_preset=\u00bbdefault\u00bb header_font_size=\u00bb14px\u00bb background_enable_image=\u00bboff\u00bb background_size=\u00bbcontain\u00bb module_alignment=\u00bbcenter\u00bb custom_margin=\u00bb||-20px||false|false\u00bb custom_margin_tablet=\u00bb||-20px||false|false\u00bb custom_margin_phone=\u00bb||-20px||false|false\u00bb custom_margin_last_edited=\u00bbon|phone\u00bb custom_padding=\u00bb0px|||||\u00bb animation=\u00bboff\u00bb link_option_url=\u00bbhttps:\/\/exporplas.pt\/es\/areas-de-negocio\/cesped-artificial\/\u00bb global_colors_info=\u00bb{}\u00bb][\/et_pb_blurb][et_pb_text _builder_version=\u00bb4.18.1&#8243; _module_preset=\u00bb6012650c-38c7-466e-946e-eed2f52b6c3e\u00bb link_option_url=\u00bbhttps:\/\/exporplas.pt\/es\/areas-de-negocio\/cesped-artificial\/\u00bb locked=\u00bboff\u00bb global_colors_info=\u00bb{}\u00bb]<\/p>\n<p style=\"text-align: center;\"><span style=\"color: #8e8e8e;\">C\u00c9SPED ARTIFICIAL<\/span><\/p>\n<p>[\/et_pb_text][\/et_pb_column][\/et_pb_row][\/et_pb_section]<\/p>\n","protected":false},"excerpt":{"rendered":"<p><div class=\"et_pb_module dsm_breadcrumbs dsm_breadcrumbs_0\">\n\t\t\t\t\n\t\t\t\t\n\t\t\t\t\n\t\t\t\t\n\t\t\t\t\n\t\t\t\t\n\t\t\t\t<div class=\"et_pb_module_inner\">\n\t\t\t\t\t<nav class=\"dsm_breadcrumbs_wrap\">\n\t\t\t\t<ul class=\"dsm_breadcrumbs\" itemscope itemtype=\"https:\/\/schema.org\/BreadcrumbList\">\t\t\t<li class=\"dsm_breadcrumbs_item dsm_home_item dsm_home_item_custom\" itemprop=\"itemListElement\" itemscope\n\t\t\titemtype=\"https:\/\/schema.org\/ListItem\">\n\t\t\t\t<a href=\"https:\/\/exporplas.pt\/es\/\" itemprop=\"item\" target=\"\">\n\t\t\t\t\t<span class='dsm_home_text_wrapper'>\n\t\t\t\t\t\t\t\t\t\t\t\t\t<span class=\"et-pb-icon dsm_home_icon\">\ue009<\/span>\n\t\t\t\t\t\t\t\t\t\t\t\t\t<span class=\"dsm_home_text\" itemprop=\"name\">\n\t\t\t\t\t\t\t\t \t\t\t\t\t\t\t<\/span>\n\t\t\t\t\t<\/span>\n\t\t\t\t<\/a>\n\t\t\t\t<meta itemprop=\"position\" content=\"1\" \/>\n\t\t\t<\/li>\n\n\t\t<li class=\"dsm_breadcrumbs_separator\"> <span class=\"et-pb-icon dsm_separator_icon\">5<\/span><\/li><\/ul>\n\t\t\t<\/nav>\n\t\t\t\t<\/div>\n\t\t\t<\/div>AREAS DE NEGOCIOAGRICULTURAHORTICULTURAPESCA \/ ACUICULTURAINDUSTRIACONSTRUCCI\u00d3NC\u00c9SPED ARTIFICIAL<\/p>\n","protected":false},"author":0,"featured_media":0,"parent":0,"menu_order":0,"comment_status":"closed","ping_status":"closed","template":"","meta":{"_et_pb_use_builder":"on","_et_pb_old_content":"","_et_gb_content_width":"","footnotes":""},"class_list":["post-225864","page","type-page","status-publish","hentry"],"_links":{"self":[{"href":"https:\/\/exporplas.pt\/es\/wp-json\/wp\/v2\/pages\/225864","targetHints":{"allow":["GET"]}}],"collection":[{"href":"https:\/\/exporplas.pt\/es\/wp-json\/wp\/v2\/pages"}],"about":[{"href":"https:\/\/exporplas.pt\/es\/wp-json\/wp\/v2\/types\/page"}],"replies":[{"embeddable":true,"href":"https:\/\/exporplas.pt\/es\/wp-json\/wp\/v2\/comments?post=225864"}],"version-history":[{"count":0,"href":"https:\/\/exporplas.pt\/es\/wp-json\/wp\/v2\/pages\/225864\/revisions"}],"wp:attachment":[{"href":"https:\/\/exporplas.pt\/es\/wp-json\/wp\/v2\/media?parent=225864"}],"curies":[{"name":"wp","href":"https:\/\/api.w.org\/{rel}","templated":true}]}}