{"id":225852,"date":"2021-10-08T13:57:42","date_gmt":"2021-10-08T13:57:42","guid":{"rendered":"https:\/\/manage.exporplas\/calidad\/"},"modified":"2025-03-07T16:22:14","modified_gmt":"2025-03-07T16:22:14","slug":"calidad","status":"publish","type":"page","link":"https:\/\/exporplas.pt\/es\/calidad\/","title":{"rendered":"CALIDAD &#038; CERTIFICACI\u00d3N"},"content":{"rendered":"<p>[et_pb_section fb_built=\u00bb1&#8243; fullwidth=\u00bbon\u00bb _builder_version=\u00bb4.16&#8243; _module_preset=\u00bbdefault\u00bb global_colors_info=\u00bb{}\u00bb][et_pb_fullwidth_header _builder_version=\u00bb4.16&#8243; _module_preset=\u00bbdefault\u00bb background_enable_color=\u00bboff\u00bb background_image=\u00bbhttps:\/\/exporplas.pt\/wp-content\/uploads\/2021\/03\/big_1549983520.jpg\u00bb min_height=\u00bb275px\u00bb global_colors_info=\u00bb{}\u00bb][\/et_pb_fullwidth_header][\/et_pb_section][et_pb_section fb_built=\u00bb1&#8243; _builder_version=\u00bb4.16&#8243; _module_preset=\u00bbdefault\u00bb global_colors_info=\u00bb{}\u00bb][et_pb_row _builder_version=\u00bb4.16&#8243; _module_preset=\u00bbdefault\u00bb global_colors_info=\u00bb{}\u00bb][et_pb_column type=\u00bb4_4&#8243; _builder_version=\u00bb4.16&#8243; _module_preset=\u00bbdefault\u00bb global_colors_info=\u00bb{}\u00bb][et_pb_text _builder_version=\u00bb4.18.1&#8243; _module_preset=\u00bbad3c469a-73a4-4c1e-8e67-4ce21c3633ec\u00bb text_text_color=\u00bb#6caf3f\u00bb text_font_size=\u00bb19px\u00bb header_2_text_align=\u00bbcenter\u00bb header_2_text_color=\u00bb#6caf3f\u00bb global_colors_info=\u00bb{}\u00bb]<\/p>\n<h2><span class=\"TextRun SCXW215926413 BCX4\" lang=\"ES-ES\" xml:lang=\"ES-ES\" data-contrast=\"none\"><span class=\"NormalTextRun BookmarkStart SCXW215926413 BCX4\" data-ccp-parastyle=\"heading 1\">CALIDAD &amp; CERTIFICACI\u00d3N<\/span><\/span><\/h2>\n<p>[\/et_pb_text][et_pb_divider color=\u00bb#cccccc\u00bb divider_weight=\u00bb1px\u00bb _builder_version=\u00bb4.16&#8243; _module_preset=\u00bbdefault\u00bb z_index=\u00bb1&#8243; width=\u00bb250px\u00bb module_alignment=\u00bbcenter\u00bb global_colors_info=\u00bb{}\u00bb][\/et_pb_divider][et_pb_divider divider_weight=\u00bb4px\u00bb _builder_version=\u00bb4.16&#8243; _module_preset=\u00bbdefault\u00bb z_index=\u00bb1&#8243; width=\u00bb95px\u00bb module_alignment=\u00bbcenter\u00bb custom_margin=\u00bb-54px||||false|false\u00bb custom_padding=\u00bb0px||||false|false\u00bb global_colors_info=\u00bb{}\u00bb][\/et_pb_divider][\/et_pb_column][\/et_pb_row][\/et_pb_section][et_pb_section fb_built=\u00bb1&#8243; _builder_version=\u00bb4.16&#8243; _module_preset=\u00bbdefault\u00bb custom_padding=\u00bb0px||||false|false\u00bb global_colors_info=\u00bb{}\u00bb][et_pb_row column_structure=\u00bb1_3,2_3&#8243; _builder_version=\u00bb4.16&#8243; _module_preset=\u00bbdefault\u00bb global_colors_info=\u00bb{}\u00bb][et_pb_column type=\u00bb1_3&#8243; _builder_version=\u00bb4.16&#8243; _module_preset=\u00bbdefault\u00bb global_colors_info=\u00bb{}\u00bb][et_pb_text _builder_version=\u00bb4.27.4&#8243; _module_preset=\u00bbdefault\u00bb global_colors_info=\u00bb{}\u00bb]<\/p>\n<p><span data-contrast=\"auto\"><strong>EXPORPL\u00c1S<\/strong> implement\u00f3 un sistema de gesti\u00f3n de calidad, de conformidad con los requisitos de la norma<strong> ISO 9001:2015<\/strong>, siendo certificada por la entidad internacional, <strong>T\u00dcV Rheinland<\/strong>, con el fin de asegurar que se respeten todos los requisitos en el desarrollo, la concepci\u00f3n del producto y la producci\u00f3n de hilos, bramantes, cuerdas y fibras sint\u00e9ticas.<\/span><span data-ccp-props=\"{&quot;201341983&quot;:2,&quot;335551550&quot;:6,&quot;335551620&quot;:6,&quot;335559739&quot;:160,&quot;335559740&quot;:100}\">\u00a0<\/span><\/p>\n<p><span data-contrast=\"auto\">Al mismo tiempo, nuestras modernas l\u00edneas de extrusi\u00f3n y torsi\u00f3n son controladas, de modo electr\u00f3nico, bajo supervisi\u00f3n estricta de nuestros operadores talentosos.<\/span><span data-ccp-props=\"{&quot;201341983&quot;:2,&quot;335551550&quot;:6,&quot;335551620&quot;:6,&quot;335559739&quot;:160,&quot;335559740&quot;:100}\">\u00a0<\/span><\/p>\n<p><span data-contrast=\"auto\">Esta certificaci\u00f3n representa una garant\u00eda adicional e independiente de la calidad de nuestros productos.<\/span><span data-ccp-props=\"{&quot;201341983&quot;:2,&quot;335551550&quot;:6,&quot;335551620&quot;:6,&quot;335559739&quot;:160,&quot;335559740&quot;:100}\">\u00a0<\/span><\/p>\n<p><span data-ccp-props=\"{&quot;201341983&quot;:2,&quot;335551550&quot;:6,&quot;335551620&quot;:6,&quot;335559739&quot;:160,&quot;335559740&quot;:100}\">\u00a0<\/span><\/p>\n<p><b><span data-contrast=\"auto\">CONTROL DE CALIDAD:<\/span><\/b><span data-ccp-props=\"{&quot;201341983&quot;:2,&quot;335551550&quot;:6,&quot;335551620&quot;:6,&quot;335559739&quot;:160,&quot;335559740&quot;:100}\">\u00a0<\/span><\/p>\n<p><span data-contrast=\"auto\">Conscientes de la importancia de la investigaci\u00f3n y de la innovaci\u00f3n tecnol\u00f3gica aplicada al control de calidad, EXPORPL\u00c1S posee <strong>laboratorios propios<\/strong> para evaluaci\u00f3n y verificaci\u00f3n del proceso de producci\u00f3n, durante todas las etapas de este, de un modo cient\u00edfico y fiable.<\/span><span data-ccp-props=\"{&quot;201341983&quot;:2,&quot;335551550&quot;:6,&quot;335551620&quot;:6,&quot;335559739&quot;:160,&quot;335559740&quot;:100}\">\u00a0<\/span><\/p>\n<p><span data-contrast=\"auto\">Estos laboratorios est\u00e1n <strong>totalmente adaptados y adecuados al ensayo<\/strong> de nuestra gama de productos. En uno de nuestros laboratorios, efectuamos las pruebas de cuerdas y hilos agr\u00edcolas y, en otro, realizamos las pruebas de fibras t\u00e9cnicas y el desarrollo de productos.<\/span><span data-ccp-props=\"{&quot;201341983&quot;:2,&quot;335551550&quot;:6,&quot;335551620&quot;:6,&quot;335559739&quot;:160,&quot;335559740&quot;:100}\">\u00a0<\/span><\/p>\n<p><span data-ccp-props=\"{&quot;201341983&quot;:2,&quot;335551550&quot;:6,&quot;335551620&quot;:6,&quot;335559739&quot;:160,&quot;335559740&quot;:100}\">\u00a0<\/span><\/p>\n<p><b><span data-contrast=\"auto\">PRUEBAS EFECTUADAS EN EL LABORATORIO:<\/span><\/b><span data-ccp-props=\"{&quot;201341983&quot;:2,&quot;335551550&quot;:6,&quot;335551620&quot;:6,&quot;335559739&quot;:160,&quot;335559740&quot;:100}\">\u00a0<\/span><\/p>\n<ul>\n<li><span data-contrast=\"auto\"> Densidad lineal;<\/span><\/li>\n<li><span data-contrast=\"auto\"> Metraje;<\/span><\/li>\n<li><span data-contrast=\"auto\"> Resistencia de rotura;<\/span><\/li>\n<li><span data-contrast=\"auto\"> Resistencia de rotura de nudo;<\/span><\/li>\n<li><span data-contrast=\"auto\"> Resistencia a la abrasi\u00f3n;<\/span><\/li>\n<li><span data-contrast=\"auto\"> Medici\u00f3n del \u00edndice de fluidos calientes;<\/span><\/li>\n<li><span data-contrast=\"auto\"> Resistencia a la degradaci\u00f3n UV;<\/span><\/li>\n<li><span data-contrast=\"auto\"> Elongaci\u00f3n;<\/span><\/li>\n<li><span data-contrast=\"auto\"> An\u00e1lisis \u00f3ptica (espectrofotometr\u00eda);<\/span><\/li>\n<li><span data-contrast=\"auto\"> Contracci\u00f3n;<\/span><\/li>\n<li><span data-contrast=\"auto\"> An\u00e1lisis de Espectroscopia de Infrarrojos.<\/span><\/li>\n<\/ul>\n<p>[\/et_pb_text][\/et_pb_column][et_pb_column type=\u00bb2_3&#8243; _builder_version=\u00bb4.16&#8243; _module_preset=\u00bbdefault\u00bb global_colors_info=\u00bb{}\u00bb][dsm_perspective_image src=\u00bbhttps:\/\/exporplas.pt\/wp-content\/uploads\/2021\/03\/moldura.png\u00bb title_text=\u00bbmoldura\u00bb _builder_version=\u00bb4.16&#8243; _module_preset=\u00bbdefault\u00bb background_image=\u00bbhttps:\/\/exporplas.pt\/wp-content\/uploads\/2021\/03\/big_1552990092.jpg\u00bb global_colors_info=\u00bb{}\u00bb][\/dsm_perspective_image][\/et_pb_column][\/et_pb_row][\/et_pb_section][et_pb_section fb_built=\u00bb1&#8243; _builder_version=\u00bb4.16&#8243; _module_preset=\u00bbdefault\u00bb custom_margin=\u00bb||50px||false|false\u00bb custom_margin_tablet=\u00bb||180px||false|false\u00bb custom_margin_phone=\u00bb||170px||false|false\u00bb custom_margin_last_edited=\u00bbon|phone\u00bb global_colors_info=\u00bb{}\u00bb][et_pb_row column_structure=\u00bb1_3,1_3,1_3&#8243; use_custom_gutter=\u00bbon\u00bb make_equal=\u00bbon\u00bb _builder_version=\u00bb4.23.1&#8243; _dynamic_attributes=\u00bblink_option_url\u00bb _module_preset=\u00bbdefault\u00bb module_alignment=\u00bbcenter\u00bb link_option_url=\u00bb@ET-DC@eyJkeW5hbWljIjp0cnVlLCJjb250ZW50IjoicG9zdF9saW5rX3VybF9wYWdlIiwic2V0dGluZ3MiOnsicG9zdF9pZCI6IjIzMzk0NiJ9fQ==@\u00bb global_colors_info=\u00bb{}\u00bb][et_pb_column type=\u00bb1_3&#8243; _builder_version=\u00bb4.16&#8243; _module_preset=\u00bbdefault\u00bb global_colors_info=\u00bb{}\u00bb][et_pb_text _builder_version=\u00bb4.23.1&#8243; _module_preset=\u00bbdefault\u00bb text_font=\u00bb|700|||||||\u00bb text_text_color=\u00bb#8e8e8e\u00bb text_font_size=\u00bb16px\u00bb global_colors_info=\u00bb{}\u00bb]<\/p>\n<p>Certificado Exporpl\u00e1s ISO-9001<\/p>\n<p>[\/et_pb_text][et_pb_image src=\u00bbhttps:\/\/exporplas.pt\/wp-content\/uploads\/2025\/03\/Certificado-ISO9001_Exporplas_2025_ES-1-pdf.jpg\u00bb title_text=\u00bbCertificado ISO9001_Exporpl\u00e1s_2025_ES\u00bb show_in_lightbox=\u00bbon\u00bb _builder_version=\u00bb4.27.4&#8243; _module_preset=\u00bbdefault\u00bb hover_enabled=\u00bb0&#8243; border_width_all=\u00bb1px\u00bb border_color_all=\u00bb#ededed\u00bb box_shadow_style=\u00bbpreset3&#8243; box_shadow_horizontal=\u00bb3px\u00bb box_shadow_vertical=\u00bb10px\u00bb box_shadow_blur=\u00bb7px\u00bb box_shadow_spread=\u00bb-5px\u00bb box_shadow_color=\u00bbrgba(0,0,0,0.25)\u00bb global_colors_info=\u00bb{}\u00bb sticky_enabled=\u00bb0&#8243;][\/et_pb_image][\/et_pb_column][et_pb_column type=\u00bb1_3&#8243; _builder_version=\u00bb4.16&#8243; _module_preset=\u00bbdefault\u00bb global_colors_info=\u00bb{}\u00bb][et_pb_text _builder_version=\u00bb4.23.1&#8243; _module_preset=\u00bbdefault\u00bb text_font=\u00bb|700|||||||\u00bb text_text_color=\u00bb#8e8e8e\u00bb text_font_size=\u00bb16px\u00bb global_colors_info=\u00bb{}\u00bb]<\/p>\n<p>Certificado Grupo Exporpl\u00e1s ISO-9001<\/p>\n<p>[\/et_pb_text][et_pb_image src=\u00bbhttps:\/\/exporplas.pt\/wp-content\/uploads\/2025\/03\/Certificado-ISO9001_Grupo_2025_ES-1-pdf.jpg\u00bb title_text=\u00bbCertificado ISO9001_Grupo_2025_ES\u00bb show_in_lightbox=\u00bbon\u00bb _builder_version=\u00bb4.27.4&#8243; _module_preset=\u00bbdefault\u00bb hover_enabled=\u00bb0&#8243; border_width_all=\u00bb1px\u00bb border_color_all=\u00bb#ededed\u00bb box_shadow_style=\u00bbpreset3&#8243; box_shadow_horizontal=\u00bb3px\u00bb box_shadow_vertical=\u00bb10px\u00bb box_shadow_blur=\u00bb7px\u00bb box_shadow_spread=\u00bb-5px\u00bb box_shadow_color=\u00bbrgba(0,0,0,0.25)\u00bb global_colors_info=\u00bb{}\u00bb sticky_enabled=\u00bb0&#8243;][\/et_pb_image][\/et_pb_column][et_pb_column type=\u00bb1_3&#8243; _builder_version=\u00bb4.16&#8243; _module_preset=\u00bbdefault\u00bb global_colors_info=\u00bb{}\u00bb][et_pb_text _builder_version=\u00bb4.23.1&#8243; _module_preset=\u00bbdefault\u00bb text_font=\u00bb|700|||||||\u00bb text_text_color=\u00bb#8e8e8e\u00bb text_font_size=\u00bb16px\u00bb global_colors_info=\u00bb{}\u00bb]<\/p>\n<p>Certificado Omnicor ISO-9001<\/p>\n<p>[\/et_pb_text][et_pb_image src=\u00bbhttps:\/\/exporplas.pt\/wp-content\/uploads\/2025\/03\/Certificado-ISO9001_Omnicor_2025_ES-1-pdf.jpg\u00bb title_text=\u00bbCertificado ISO9001_Omnicor_2025_ES\u00bb show_in_lightbox=\u00bbon\u00bb _builder_version=\u00bb4.27.4&#8243; _module_preset=\u00bbdefault\u00bb hover_enabled=\u00bb0&#8243; border_width_all=\u00bb1px\u00bb border_color_all=\u00bb#ededed\u00bb box_shadow_style=\u00bbpreset3&#8243; box_shadow_horizontal=\u00bb3px\u00bb box_shadow_vertical=\u00bb10px\u00bb box_shadow_blur=\u00bb7px\u00bb box_shadow_spread=\u00bb-5px\u00bb box_shadow_color=\u00bbrgba(0,0,0,0.25)\u00bb global_colors_info=\u00bb{}\u00bb sticky_enabled=\u00bb0&#8243;][\/et_pb_image][\/et_pb_column][\/et_pb_row][et_pb_row _builder_version=\u00bb4.24.0&#8243; _module_preset=\u00bbdefault\u00bb global_colors_info=\u00bb{}\u00bb][et_pb_column type=\u00bb4_4&#8243; _builder_version=\u00bb4.24.0&#8243; _module_preset=\u00bbdefault\u00bb global_colors_info=\u00bb{}\u00bb][et_pb_button button_url=\u00bb@ET-DC@eyJkeW5hbWljIjp0cnVlLCJjb250ZW50IjoicG9zdF9saW5rX3VybF9wYWdlIiwic2V0dGluZ3MiOnsicG9zdF9pZCI6IjIzMzk5OCJ9fQ==@\u00bb button_text=\u00bbHaga clic para ver nuestra Pol\u00edtica de Calidad.\u00bb button_alignment=\u00bbcenter\u00bb _builder_version=\u00bb4.24.0&#8243; _dynamic_attributes=\u00bbbutton_url\u00bb _module_preset=\u00bbdefault\u00bb custom_button=\u00bbon\u00bb button_text_color=\u00bb#ffffff\u00bb button_bg_color=\u00bb#6CAF3F\u00bb button_font=\u00bbMontserrat|500|||||||\u00bb button_use_icon=\u00bboff\u00bb background_layout=\u00bbdark\u00bb button_text_size_tablet=\u00bb\u00bb button_text_size_phone=\u00bb14px\u00bb button_text_size_last_edited=\u00bbon|desktop\u00bb locked=\u00bboff\u00bb global_colors_info=\u00bb{}\u00bb][\/et_pb_button][\/et_pb_column][\/et_pb_row][\/et_pb_section]<\/p>\n","protected":false},"excerpt":{"rendered":"<p>CALIDAD &amp; CERTIFICACI\u00d3NEXPORPL\u00c1S implement\u00f3 un sistema de gesti\u00f3n de calidad, de conformidad con los requisitos de la norma ISO 9001:2015, siendo certificada por la entidad internacional, T\u00dcV Rheinland, con el fin de asegurar que se respeten todos los requisitos en el desarrollo, la concepci\u00f3n del producto y la producci\u00f3n de hilos, bramantes, cuerdas y fibras sint\u00e9ticas.\u00a0 Al mismo tiempo, nuestras modernas l\u00edneas de extrusi\u00f3n y torsi\u00f3n son controladas, de modo electr\u00f3nico, bajo supervisi\u00f3n estricta de nuestros operadores talentosos.\u00a0 Esta certificaci\u00f3n representa una garant\u00eda adicional e independiente de la calidad de nuestros productos.\u00a0 \u00a0 CONTROL DE CALIDAD:\u00a0 Conscientes de la importancia de la investigaci\u00f3n y de la innovaci\u00f3n tecnol\u00f3gica aplicada al control de calidad, EXPORPL\u00c1S posee laboratorios propios para evaluaci\u00f3n y verificaci\u00f3n del proceso de producci\u00f3n, durante todas las etapas de este, de un modo cient\u00edfico y fiable.\u00a0 Estos laboratorios est\u00e1n totalmente adaptados y adecuados al ensayo de nuestra gama de productos. En uno de nuestros laboratorios, efectuamos las pruebas de cuerdas y hilos agr\u00edcolas y, en otro, realizamos las pruebas de fibras t\u00e9cnicas y el desarrollo de productos.\u00a0 \u00a0 PRUEBAS EFECTUADAS EN EL LABORATORIO:\u00a0 Densidad lineal; Metraje; Resistencia de rotura; Resistencia de rotura de nudo; Resistencia a la abrasi\u00f3n; Medici\u00f3n [&hellip;]<\/p>\n","protected":false},"author":0,"featured_media":0,"parent":0,"menu_order":0,"comment_status":"closed","ping_status":"closed","template":"","meta":{"_et_pb_use_builder":"on","_et_pb_old_content":"","_et_gb_content_width":"","footnotes":""},"class_list":["post-225852","page","type-page","status-publish","hentry"],"_links":{"self":[{"href":"https:\/\/exporplas.pt\/es\/wp-json\/wp\/v2\/pages\/225852","targetHints":{"allow":["GET"]}}],"collection":[{"href":"https:\/\/exporplas.pt\/es\/wp-json\/wp\/v2\/pages"}],"about":[{"href":"https:\/\/exporplas.pt\/es\/wp-json\/wp\/v2\/types\/page"}],"replies":[{"embeddable":true,"href":"https:\/\/exporplas.pt\/es\/wp-json\/wp\/v2\/comments?post=225852"}],"version-history":[{"count":0,"href":"https:\/\/exporplas.pt\/es\/wp-json\/wp\/v2\/pages\/225852\/revisions"}],"wp:attachment":[{"href":"https:\/\/exporplas.pt\/es\/wp-json\/wp\/v2\/media?parent=225852"}],"curies":[{"name":"wp","href":"https:\/\/api.w.org\/{rel}","templated":true}]}}