{"id":225849,"date":"2021-10-08T13:48:47","date_gmt":"2021-10-08T13:48:47","guid":{"rendered":"https:\/\/manage.exporplas\/medio-ambiente\/"},"modified":"2025-11-07T16:46:56","modified_gmt":"2025-11-07T16:46:56","slug":"medio-ambiente","status":"publish","type":"page","link":"https:\/\/exporplas.pt\/es\/medio-ambiente\/","title":{"rendered":"MEDIO AMBIENTE"},"content":{"rendered":"<p>[et_pb_section fb_built=\u00bb1&#8243; fullwidth=\u00bbon\u00bb _builder_version=\u00bb4.16&#8243; _module_preset=\u00bbdefault\u00bb global_colors_info=\u00bb{}\u00bb][et_pb_fullwidth_header _builder_version=\u00bb4.16&#8243; _module_preset=\u00bbdefault\u00bb background_enable_color=\u00bboff\u00bb background_image=\u00bbhttps:\/\/exporplas.pt\/wp-content\/uploads\/2021\/03\/big_1549983674.jpg\u00bb min_height=\u00bb275px\u00bb global_colors_info=\u00bb{}\u00bb][\/et_pb_fullwidth_header][\/et_pb_section][et_pb_section fb_built=\u00bb1&#8243; _builder_version=\u00bb4.16&#8243; _module_preset=\u00bbdefault\u00bb global_colors_info=\u00bb{}\u00bb][et_pb_row _builder_version=\u00bb4.16&#8243; _module_preset=\u00bbdefault\u00bb global_colors_info=\u00bb{}\u00bb][et_pb_column type=\u00bb4_4&#8243; _builder_version=\u00bb4.16&#8243; _module_preset=\u00bbdefault\u00bb global_colors_info=\u00bb{}\u00bb][et_pb_text _builder_version=\u00bb4.18.1&#8243; _module_preset=\u00bbad3c469a-73a4-4c1e-8e67-4ce21c3633ec\u00bb header_2_text_align=\u00bbcenter\u00bb header_2_text_color=\u00bb#6caf3f\u00bb global_colors_info=\u00bb{}\u00bb]<\/p>\n<h2><span class=\"TextRun SCXW213931942 BCX4\" lang=\"ES-ES\" xml:lang=\"ES-ES\" data-contrast=\"none\"><span class=\"NormalTextRun BookmarkStart SCXW213931942 BCX4\" data-ccp-parastyle=\"heading 1\">MEDIO <\/span><span class=\"NormalTextRun SCXW213931942 BCX4\" data-ccp-parastyle=\"heading 1\">A<\/span><span class=\"NormalTextRun BookmarkEnd SCXW213931942 BCX4\" data-ccp-parastyle=\"heading 1\">MBIENTE<\/span><\/span><\/h2>\n<p>[\/et_pb_text][et_pb_divider color=\u00bb#cccccc\u00bb divider_weight=\u00bb1px\u00bb _builder_version=\u00bb4.16&#8243; _module_preset=\u00bbdefault\u00bb z_index=\u00bb1&#8243; width=\u00bb250px\u00bb module_alignment=\u00bbcenter\u00bb global_colors_info=\u00bb{}\u00bb][\/et_pb_divider][et_pb_divider divider_weight=\u00bb4px\u00bb _builder_version=\u00bb4.16&#8243; _module_preset=\u00bbdefault\u00bb z_index=\u00bb1&#8243; width=\u00bb95px\u00bb module_alignment=\u00bbcenter\u00bb custom_margin=\u00bb-54px||||false|false\u00bb custom_padding=\u00bb0px||||false|false\u00bb global_colors_info=\u00bb{}\u00bb][\/et_pb_divider][\/et_pb_column][\/et_pb_row][\/et_pb_section][et_pb_section fb_built=\u00bb1&#8243; _builder_version=\u00bb4.16&#8243; _module_preset=\u00bbdefault\u00bb custom_margin=\u00bb||50px||false|false\u00bb custom_margin_tablet=\u00bb||180px||false|false\u00bb custom_margin_phone=\u00bb||170px||false|false\u00bb custom_margin_last_edited=\u00bbon|phone\u00bb custom_padding=\u00bb0px||||false|false\u00bb global_colors_info=\u00bb{}\u00bb][et_pb_row column_structure=\u00bb2_5,3_5&#8243; _builder_version=\u00bb4.16&#8243; _module_preset=\u00bbdefault\u00bb global_colors_info=\u00bb{}\u00bb][et_pb_column type=\u00bb2_5&#8243; _builder_version=\u00bb4.16&#8243; _module_preset=\u00bbdefault\u00bb global_colors_info=\u00bb{}\u00bb][et_pb_text _builder_version=\u00bb4.27.4&#8243; _module_preset=\u00bbdefault\u00bb hover_enabled=\u00bb0&#8243; global_colors_info=\u00bb{}\u00bb sticky_enabled=\u00bb0&#8243;]<\/p>\n<p>La adopci\u00f3n de pr\u00e1cticas sostenibles se considera parte integrante de un riguroso plan de gesti\u00f3n ambiental y energ\u00e9tica, que fue iniciado e incluido en la estrategia de corto plazo, de EXPORPL\u00c1S.<\/p>\n<p><\/p>\n<p>Estamos igualmente comprometidos en la optimizaci\u00f3n y gesti\u00f3n de nuestro impacto medioambiental.<\/p>\n<p><\/p>\n<p><b>Estamos comprometidos con la reducci\u00f3n del impacto medioambiental de nuestra empresa, de forma positiva, responsable y voluntaria.<\/b><\/p>\n<p><\/p>\n<p>Definimos nuestros procesos industriales para lograr mejores pr\u00e1cticas medioambientales, realizando diversas acciones, como la investigaci\u00f3n en el \u00e1rea de las energ\u00edas verdes, el ahorro de recursos energ\u00e9ticos, la separaci\u00f3n y reciclaje de los residuos resultantes de la producci\u00f3n, as\u00ed como la evaluaci\u00f3n y monitorizaci\u00f3n de los ruidos de las m\u00e1quinas en nuestras instalaciones.<\/p>\n<p><\/p>\n<p>&nbsp;<\/p>\n<p><\/p>\n<p><b>RECICLAJE Y TECNOLOG\u00cdA LIMPIA<\/b><\/p>\n<p><\/p>\n<p>La denominada \u201cTecnolog\u00eda Limpia\u201d es una parte de la estrategia medioambiental de EXPORPL\u00c1S, que se est\u00e1 implementando en el proceso de fabricaci\u00f3n, con el fin de incrementar la eficacia productiva, y de reducir y minimizar el impacto medioambiental, derivado de la actividad productiva.<\/p>\n<p><\/p>\n<p>Simult\u00e1neamente ha sido alcanzada una ventaja competitiva, mediante el uso racional de los recursos.<\/p>\n<p><\/p>\n<p>&nbsp;<\/p>\n<p><\/p>\n<p><b>REDUCIR, REUTILIZAR, RECICLAR<\/b><\/p>\n<p><\/p>\n<p>El reciclaje y la reutilizaci\u00f3n son herramientas integrales de este nuevo proyecto de EXPORPL\u00c1S, ya que el desperdicio representa una p\u00e9rdida econ\u00f3mica y una p\u00e9rdida de recursos, adem\u00e1s de generar contaminaci\u00f3n ambiental.<\/p>\n<p><\/p>\n<p>Por ello, EXPORPL\u00c1S est\u00e1 empe\u00f1ada en la reducci\u00f3n de sus residuos y en priorizar los procedimientos que conduzcan a la reutilizaci\u00f3n y al reciclaje, de acuerdo con las mejores pr\u00e1cticas de gesti\u00f3n.<\/p>\n<p><\/p>\n<p>Nuestros productos son 100% reciclables, y contamos con nuestra propia unidad de reciclaje, que procesa todos los residuos resultantes de nuestra producci\u00f3n.<\/p>\n<p><\/p>\n<p>En cuanto a la energ\u00eda, instalamos una unidad combinada t\u00e9rmica y el\u00e9ctrica, lo que result\u00f3 en una mayor eficiencia y en una p\u00e9rdida m\u00ednima de recursos esenciales.<\/p>\n<p><\/p>\n<p>&nbsp;<\/p>\n<p><\/p>\n<p><b>ALGUNOS HECHOS<\/b><b><\/b><\/p>\n<p><\/p>\n<p>\u2022 Pr\u00e1cticas Ecol\u00f3gicas;<\/p>\n<p><\/p>\n<p>\u2022 Productos 100% reciclables.<\/p>\n<p>[\/et_pb_text][\/et_pb_column][et_pb_column type=\u00bb3_5&#8243; _builder_version=\u00bb4.16&#8243; _module_preset=\u00bbdefault\u00bb global_colors_info=\u00bb{}\u00bb][et_pb_image src=\u00bbhttps:\/\/exporplas.pt\/wp-content\/uploads\/2021\/03\/moldura.png\u00bb title_text=\u00bbbig_1549983961&#8243; _builder_version=\u00bb4.16&#8243; _module_preset=\u00bbdefault\u00bb background_image=\u00bbhttps:\/\/exporplas.pt\/wp-content\/uploads\/2021\/03\/big_1549983961.jpg\u00bb global_colors_info=\u00bb{}\u00bb][\/et_pb_image][\/et_pb_column][\/et_pb_row][\/et_pb_section]<\/p>\n","protected":false},"excerpt":{"rendered":"<p>MEDIO AMBIENTELa adopci\u00f3n de pr\u00e1cticas sostenibles se considera parte integrante de un riguroso plan de gesti\u00f3n ambiental y energ\u00e9tica, que fue iniciado e incluido en la estrategia de corto plazo, de EXPORPL\u00c1S.Estamos igualmente comprometidos en la optimizaci\u00f3n y gesti\u00f3n de nuestro impacto medioambiental.Estamos comprometidos con la reducci\u00f3n del impacto medioambiental de nuestra empresa, de forma positiva, responsable y voluntaria.Definimos nuestros procesos industriales para lograr mejores pr\u00e1cticas medioambientales, realizando diversas acciones, como la investigaci\u00f3n en el \u00e1rea de las energ\u00edas verdes, el ahorro de recursos energ\u00e9ticos, la separaci\u00f3n y reciclaje de los residuos resultantes de la producci\u00f3n, as\u00ed como la evaluaci\u00f3n y monitorizaci\u00f3n de los ruidos de las m\u00e1quinas en nuestras instalaciones.&nbsp;RECICLAJE Y TECNOLOG\u00cdA LIMPIALa denominada \u201cTecnolog\u00eda Limpia\u201d es una parte de la estrategia medioambiental de EXPORPL\u00c1S, que se est\u00e1 implementando en el proceso de fabricaci\u00f3n, con el fin de incrementar la eficacia productiva, y de reducir y minimizar el impacto medioambiental, derivado de la actividad productiva.Simult\u00e1neamente ha sido alcanzada una ventaja competitiva, mediante el uso racional de los recursos.&nbsp;REDUCIR, REUTILIZAR, RECICLAREl reciclaje y la reutilizaci\u00f3n son herramientas integrales de este nuevo proyecto de EXPORPL\u00c1S, ya que el desperdicio representa una p\u00e9rdida econ\u00f3mica y una p\u00e9rdida de recursos, adem\u00e1s de generar [&hellip;]<\/p>\n","protected":false},"author":0,"featured_media":0,"parent":0,"menu_order":0,"comment_status":"closed","ping_status":"closed","template":"","meta":{"_et_pb_use_builder":"on","_et_pb_old_content":"","_et_gb_content_width":"","footnotes":""},"class_list":["post-225849","page","type-page","status-publish","hentry"],"_links":{"self":[{"href":"https:\/\/exporplas.pt\/es\/wp-json\/wp\/v2\/pages\/225849","targetHints":{"allow":["GET"]}}],"collection":[{"href":"https:\/\/exporplas.pt\/es\/wp-json\/wp\/v2\/pages"}],"about":[{"href":"https:\/\/exporplas.pt\/es\/wp-json\/wp\/v2\/types\/page"}],"replies":[{"embeddable":true,"href":"https:\/\/exporplas.pt\/es\/wp-json\/wp\/v2\/comments?post=225849"}],"version-history":[{"count":3,"href":"https:\/\/exporplas.pt\/es\/wp-json\/wp\/v2\/pages\/225849\/revisions"}],"predecessor-version":[{"id":237981,"href":"https:\/\/exporplas.pt\/es\/wp-json\/wp\/v2\/pages\/225849\/revisions\/237981"}],"wp:attachment":[{"href":"https:\/\/exporplas.pt\/es\/wp-json\/wp\/v2\/media?parent=225849"}],"curies":[{"name":"wp","href":"https:\/\/api.w.org\/{rel}","templated":true}]}}